{"id":1387,"date":"2021-03-20T12:15:01","date_gmt":"2021-03-20T12:15:01","guid":{"rendered":"http:\/\/www.ctsotomasyon.com\/?page_id=1387"},"modified":"2022-02-06T18:04:00","modified_gmt":"2022-02-06T18:04:00","slug":"iletisim","status":"publish","type":"page","link":"http:\/\/www.ctsotomasyon.com\/tr_TR\/index.php\/iletisim\/","title":{"rendered":"\u0130leti\u015fim"},"content":{"rendered":"\n<div class=\"wp-block-columns is-layout-flex wp-container-core-columns-is-layout-9d6595d7 wp-block-columns-is-layout-flex\">\n<div class=\"wp-block-column is-vertically-aligned-center is-layout-flow wp-block-column-is-layout-flow\">\n<p class=\"has-text-align-center has-black-color has-text-color has-medium-font-size\"><span style=\"color: #000000;\" class=\"ugb-highlight\"><strong>\u00d6zdiren\u00e7 Elektrik Makine ve Otomasyon Sistemleri San. Tic. Ltd. \u015eti. <\/strong><\/span><\/p>\n\n\n\n<figure class=\"wp-block-table is-style-stripes has-medium-font-size\"><table><tbody><tr><td><strong>Adres<\/strong><\/td><td class=\"has-text-align-left\" data-align=\"left\">Ye\u015filce Mah. Uluba\u015f Cad. <br \/>No: 58 4. Levent <br \/>Ka\u011f\u0131thane \u0130stanbul<\/td><\/tr><tr><td><strong>Tel<\/strong><\/td><td class=\"has-text-align-left\" data-align=\"left\">+90 212 325 60 33 PBX<\/td><\/tr><tr><td><strong>Destek<\/strong><\/td><td class=\"has-text-align-left\" data-align=\"left\">+90 850 255 01 90<\/td><\/tr><tr><td><strong>Fax<\/strong><\/td><td class=\"has-text-align-left\" data-align=\"left\">+90 212 325 60 31<\/td><\/tr><tr><td><strong>E-Posta<\/strong><\/td><td class=\"has-text-align-left\" data-align=\"left\">info@ozdirenc.com.tr<\/td><\/tr><\/tbody><\/table><\/figure>\n\n\n\n<iframe src=\"https:\/\/www.google.com\/maps\/embed?pb=!1m14!1m8!1m3!1d6013.4534610485225!2d29.000349000000003!3d41.096817!3m2!1i1024!2i768!4f13.1!3m3!1m2!1s0x0%3A0xf5f5f446ec70bb38!2s%C3%96zdiren%C3%A7%20Elektrik%20Makine%20Otomasyon%20Sistemleri%20San.%20ve%20Tic.%20Ltd.%20%C5%9Eti.!5e0!3m2!1str!2str!4v1644166834509!5m2!1str!2str\" width=\"540\" height=\"405\" style=\"border:0;\" allowfullscreen=\"\" loading=\"lazy\"><\/iframe>\n<\/div>\n\n\n\n<div class=\"wp-block-column is-layout-flow wp-block-column-is-layout-flow\">\n<p class=\"has-text-align-center has-black-color has-text-color has-medium-font-size\">\u0130leti\u015fim Formu<\/p>\n\n\n<div class=\"everest-forms\"><div class=\"evf-container default\" id=\"evf-1385\"><form id=\"evf-form-1385\" class=\"everest-form\" data-formid=\"1385\" data-ajax_submission=\"0\" method=\"post\" enctype=\"multipart\/form-data\" action=\"\/tr_TR\/index.php\/wp-json\/wp\/v2\/pages\/1387\"><div class=\"evf-field-container\"><input type=\"hidden\" id=\"_wpnonce1385\" name=\"_wpnonce1385\" value=\"1e3b114031\" \/><input type=\"hidden\" name=\"_wp_http_referer\" value=\"\/tr_TR\/index.php\/wp-json\/wp\/v2\/pages\/1387\" \/><div class=\"evf-frontend-row\" data-row=\"row_1\"><div class=\"evf-frontend-grid evf-grid-1\" data-grid=\"grid_1\"><div id=\"evf-1385-field_ys0GeZISRs-1-container\" class=\"evf-field evf-field-first-name form-row validate-required\" data-required-field-message=\"This field is required.\" data-field-id=\"ys0GeZISRs-1\"><label class=\"evf-field-label\" for=\"evf-1385-field_ys0GeZISRs-1\"><span class=\"evf-label\">\u0130sim Soyisim<\/span> <abbr class=\"required\" title=\"Required\">*<\/abbr><\/label><input type=\"text\" id=\"evf-1385-field_ys0GeZISRs-1\" class=\"input-text\" name=\"everest_forms[form_fields][ys0GeZISRs-1]\" required><\/div><div id=\"evf-1385-field_LbH5NxasXM-2-container\" class=\"evf-field evf-field-email form-row validate-required validate-email\" data-required-field-message=\"Please enter a valid email address.\" data-field-id=\"LbH5NxasXM-2\"><label class=\"evf-field-label\" for=\"evf-1385-field_LbH5NxasXM-2\"><span class=\"evf-label\">Email<\/span> <abbr class=\"required\" title=\"Required\">*<\/abbr><\/label><input type=\"email\" id=\"evf-1385-field_LbH5NxasXM-2\" class=\"input-text\" name=\"everest_forms[form_fields][LbH5NxasXM-2]\" required><\/div><div id=\"evf-1385-field_qIGwVtWcNI-5-container\" class=\"evf-field evf-field-number form-row\" data-field-id=\"qIGwVtWcNI-5\"><label class=\"evf-field-label\" for=\"evf-1385-field_qIGwVtWcNI-5\"><span class=\"evf-label\">Telefon<\/span> <\/label><input type=\"number\" id=\"evf-1385-field_qIGwVtWcNI-5\" class=\"input-text\" name=\"everest_forms[form_fields][qIGwVtWcNI-5]\" step=\"1\"  \/><\/div><div id=\"evf-1385-field_66FR384cge-3-container\" class=\"evf-field evf-field-text form-row validate-required\" data-required-field-message=\"This field is required.\" data-field-id=\"66FR384cge-3\"><label class=\"evf-field-label\" for=\"evf-1385-field_66FR384cge-3\"><span class=\"evf-label\">Konu<\/span> <abbr class=\"required\" title=\"Required\">*<\/abbr><\/label><input type=\"text\" id=\"evf-1385-field_66FR384cge-3\" class=\"input-text\" name=\"everest_forms[form_fields][66FR384cge-3]\" required><\/div><div id=\"evf-1385-field_yhGx3FOwr2-4-container\" class=\"evf-field evf-field-textarea form-row validate-required\" data-required-field-message=\"This field is required.\" data-field-id=\"yhGx3FOwr2-4\"><label class=\"evf-field-label\" for=\"evf-1385-field_yhGx3FOwr2-4\"><span class=\"evf-label\">Mesaj\u0131n\u0131z<\/span> <abbr class=\"required\" title=\"Required\">*<\/abbr><\/label><textarea id=\"evf-1385-field_yhGx3FOwr2-4\" class=\"input-text\" name=\"everest_forms[form_fields][yhGx3FOwr2-4]\" required><\/textarea><\/div><\/div><\/div><\/div><div class=\"evf-honeypot-container evf-field-hp\"><label for=\"evf-1385-field-hp\" class=\"evf-field-label\">Name<\/label><input type=\"text\" name=\"everest_forms[hp]\" id=\"evf-1385-field-hp\" class=\"input-text\"><\/div><div class=\"evf-submit-container \" ><input type=\"hidden\" name=\"everest_forms[id]\" value=\"1385\"><input type=\"hidden\" name=\"everest_forms[author]\" value=\"2\"><button type='submit' name='everest_forms[submit]' class='everest-forms-submit-button button evf-submit ' id='evf-submit-1385' value='evf-submit' data-process-text=\"G\u00f6nderiliyor...\" conditional_rules='&quot;&quot;' conditional_id='evf-submit-1385' style=\"display:block\" id=\"evf-submit-1385\" aria-live=\"assertive\">G\u00f6nder<\/button><\/div><\/form><\/div><!-- .evf-container --><\/div>\n<\/div>\n<\/div>\n","protected":false},"excerpt":{"rendered":"<div class=\"slide-text-bg2\"><span><\/p>\n<p><\/span><\/div>\n","protected":false},"author":2,"featured_media":0,"parent":0,"menu_order":0,"comment_status":"closed","ping_status":"closed","template":"","meta":{"inline_featured_image":false,"_ti_tpc_template_sync":false,"_ti_tpc_template_id":"","spay_email":"","footnotes":""},"class_list":["post-1387","page","type-page","status-publish","hentry"],"yoast_head":"<!-- This site is optimized with the Yoast SEO plugin v18.2 - https:\/\/yoast.com\/wordpress\/plugins\/seo\/ -->\n<title>\u0130leti\u015fim - CTS Automation &amp; Test Systems<\/title>\n<meta name=\"robots\" content=\"index, follow, max-snippet:-1, max-image-preview:large, max-video-preview:-1\" \/>\n<link rel=\"canonical\" href=\"http:\/\/www.ctsotomasyon.com\/tr_TR\/index.php\/iletisim\/\" \/>\n<meta property=\"og:locale\" content=\"tr_TR\" \/>\n<meta property=\"og:type\" content=\"article\" \/>\n<meta property=\"og:title\" content=\"\u0130leti\u015fim - CTS Automation &amp; Test Systems\" \/>\n<meta property=\"og:url\" content=\"http:\/\/www.ctsotomasyon.com\/tr_TR\/index.php\/iletisim\/\" \/>\n<meta property=\"og:site_name\" content=\"CTS Automation &amp; Test Systems\" \/>\n<meta property=\"article:modified_time\" content=\"2022-02-06T18:04:00+00:00\" \/>\n<meta name=\"twitter:card\" content=\"summary_large_image\" \/>\n<meta name=\"twitter:label1\" content=\"Tahmini okuma s\u00fcresi\" \/>\n\t<meta name=\"twitter:data1\" content=\"1 dakika\" \/>\n<script type=\"application\/ld+json\" class=\"yoast-schema-graph\">{\"@context\":\"https:\/\/schema.org\",\"@graph\":[{\"@type\":\"WebSite\",\"@id\":\"https:\/\/www.ctsotomasyon.com\/#website\",\"url\":\"https:\/\/www.ctsotomasyon.com\/\",\"name\":\"CTS Automation &amp; Test Systems\",\"description\":\"Slogan se\u00e7\",\"potentialAction\":[{\"@type\":\"SearchAction\",\"target\":{\"@type\":\"EntryPoint\",\"urlTemplate\":\"https:\/\/www.ctsotomasyon.com\/?s={search_term_string}\"},\"query-input\":\"required name=search_term_string\"}],\"inLanguage\":\"tr\"},{\"@type\":\"WebPage\",\"@id\":\"http:\/\/www.ctsotomasyon.com\/tr_TR\/index.php\/iletisim\/#webpage\",\"url\":\"http:\/\/www.ctsotomasyon.com\/tr_TR\/index.php\/iletisim\/\",\"name\":\"\u0130leti\u015fim - CTS Automation &amp; Test Systems\",\"isPartOf\":{\"@id\":\"https:\/\/www.ctsotomasyon.com\/#website\"},\"datePublished\":\"2021-03-20T12:15:01+00:00\",\"dateModified\":\"2022-02-06T18:04:00+00:00\",\"breadcrumb\":{\"@id\":\"http:\/\/www.ctsotomasyon.com\/tr_TR\/index.php\/iletisim\/#breadcrumb\"},\"inLanguage\":\"tr\",\"potentialAction\":[{\"@type\":\"ReadAction\",\"target\":[\"http:\/\/www.ctsotomasyon.com\/tr_TR\/index.php\/iletisim\/\"]}]},{\"@type\":\"BreadcrumbList\",\"@id\":\"http:\/\/www.ctsotomasyon.com\/tr_TR\/index.php\/iletisim\/#breadcrumb\",\"itemListElement\":[{\"@type\":\"ListItem\",\"position\":1,\"name\":\"Anasayfa\",\"item\":\"https:\/\/www.ctsotomasyon.com\/\"},{\"@type\":\"ListItem\",\"position\":2,\"name\":\"\u0130leti\u015fim\"}]}]}<\/script>\n<!-- \/ Yoast SEO plugin. -->","yoast_head_json":{"title":"\u0130leti\u015fim - CTS Automation &amp; Test Systems","robots":{"index":"index","follow":"follow","max-snippet":"max-snippet:-1","max-image-preview":"max-image-preview:large","max-video-preview":"max-video-preview:-1"},"canonical":"http:\/\/www.ctsotomasyon.com\/tr_TR\/index.php\/iletisim\/","og_locale":"tr_TR","og_type":"article","og_title":"\u0130leti\u015fim - CTS Automation &amp; Test Systems","og_url":"http:\/\/www.ctsotomasyon.com\/tr_TR\/index.php\/iletisim\/","og_site_name":"CTS Automation &amp; Test Systems","article_modified_time":"2022-02-06T18:04:00+00:00","twitter_card":"summary_large_image","twitter_misc":{"Tahmini okuma s\u00fcresi":"1 dakika"},"schema":{"@context":"https:\/\/schema.org","@graph":[{"@type":"WebSite","@id":"https:\/\/www.ctsotomasyon.com\/#website","url":"https:\/\/www.ctsotomasyon.com\/","name":"CTS Automation &amp; Test Systems","description":"Slogan se\u00e7","potentialAction":[{"@type":"SearchAction","target":{"@type":"EntryPoint","urlTemplate":"https:\/\/www.ctsotomasyon.com\/?s={search_term_string}"},"query-input":"required name=search_term_string"}],"inLanguage":"tr"},{"@type":"WebPage","@id":"http:\/\/www.ctsotomasyon.com\/tr_TR\/index.php\/iletisim\/#webpage","url":"http:\/\/www.ctsotomasyon.com\/tr_TR\/index.php\/iletisim\/","name":"\u0130leti\u015fim - CTS Automation &amp; Test Systems","isPartOf":{"@id":"https:\/\/www.ctsotomasyon.com\/#website"},"datePublished":"2021-03-20T12:15:01+00:00","dateModified":"2022-02-06T18:04:00+00:00","breadcrumb":{"@id":"http:\/\/www.ctsotomasyon.com\/tr_TR\/index.php\/iletisim\/#breadcrumb"},"inLanguage":"tr","potentialAction":[{"@type":"ReadAction","target":["http:\/\/www.ctsotomasyon.com\/tr_TR\/index.php\/iletisim\/"]}]},{"@type":"BreadcrumbList","@id":"http:\/\/www.ctsotomasyon.com\/tr_TR\/index.php\/iletisim\/#breadcrumb","itemListElement":[{"@type":"ListItem","position":1,"name":"Anasayfa","item":"https:\/\/www.ctsotomasyon.com\/"},{"@type":"ListItem","position":2,"name":"\u0130leti\u015fim"}]}]}},"_links":{"self":[{"href":"http:\/\/www.ctsotomasyon.com\/tr_TR\/index.php\/wp-json\/wp\/v2\/pages\/1387","targetHints":{"allow":["GET"]}}],"collection":[{"href":"http:\/\/www.ctsotomasyon.com\/tr_TR\/index.php\/wp-json\/wp\/v2\/pages"}],"about":[{"href":"http:\/\/www.ctsotomasyon.com\/tr_TR\/index.php\/wp-json\/wp\/v2\/types\/page"}],"author":[{"embeddable":true,"href":"http:\/\/www.ctsotomasyon.com\/tr_TR\/index.php\/wp-json\/wp\/v2\/users\/2"}],"replies":[{"embeddable":true,"href":"http:\/\/www.ctsotomasyon.com\/tr_TR\/index.php\/wp-json\/wp\/v2\/comments?post=1387"}],"version-history":[{"count":1,"href":"http:\/\/www.ctsotomasyon.com\/tr_TR\/index.php\/wp-json\/wp\/v2\/pages\/1387\/revisions"}],"predecessor-version":[{"id":2049,"href":"http:\/\/www.ctsotomasyon.com\/tr_TR\/index.php\/wp-json\/wp\/v2\/pages\/1387\/revisions\/2049"}],"wp:attachment":[{"href":"http:\/\/www.ctsotomasyon.com\/tr_TR\/index.php\/wp-json\/wp\/v2\/media?parent=1387"}],"curies":[{"name":"wp","href":"https:\/\/api.w.org\/{rel}","templated":true}]}}