{"id":2169,"date":"2022-04-03T13:08:31","date_gmt":"2022-04-03T13:08:31","guid":{"rendered":"http:\/\/www.ctsotomasyon.com\/?page_id=2169"},"modified":"2022-04-03T14:18:04","modified_gmt":"2022-04-03T14:18:04","slug":"ara-fonksiyon-test-unitesi-power-drive-unit-43100","status":"publish","type":"page","link":"http:\/\/www.ctsotomasyon.com\/en_US\/index.php\/hizmetlerimiz\/havacilik-sanayi-test-cihazlari\/ara-fonksiyon-test-unitesi-power-drive-unit-43100\/","title":{"rendered":"Intermediate Test Unit for Power Drive Unit 43100"},"content":{"rendered":"\n<div class=\"wp-block-columns is-layout-flex wp-container-core-columns-is-layout-9d6595d7 wp-block-columns-is-layout-flex\">\n<div class=\"wp-block-column is-vertically-aligned-center is-layout-flow wp-block-column-is-layout-flow\"><p><iframe loading=\"lazy\" width=\"100%\" height=\"315px\" src=\"https:\/\/www.youtube.com\/embed\/yASJm96GkTk\" title=\"YouTube video player\" frameborder=\"0\" allow=\"accelerometer; autoplay; clipboard-write; encrypted-media; gyroscope; picture-in-picture\" allowfullscreen=\"\"><\/iframe><\/p>\n\n\n\n<hr class=\"wp-block-separator aligncenter\"\/>\n\n\n<div align=\"center\">\n<div style=\"overflow: hidden; width: 375px; height: 480px;\">\n<iframe loading=\"lazy\" src=\"http:\/\/www.ctsotomasyon.com\/wp-content\/uploads\/2021\/05\/PDU-Ek-Test-Unitesi-MONTAJ_2021-Feb-22_11-59-16PM_CustomizedView28264711394_strip.html\" scrolling=\"no\" height=\"1000px\" width=\"1000px\" style=\"position: relative; left: -455px; top: -285px\"><\/iframe><\/div>\n<\/div>\n\n\n\n<p class=\"has-text-align-center has-medium-font-size\"><strong><span style=\"color: #000000;\" class=\"ugb-highlight\">\u2190360\u0090\u00b0\u2192<\/span><\/strong><\/p>\n<\/div>\n\n\n\n<div class=\"wp-block-column is-layout-flow wp-block-column-is-layout-flow\">\n<p><span style=\"color: #000000;\" class=\"ugb-highlight\"><strong><span style=\"color: #000000;\" class=\"ugb-highlight\"><strong>DESCRIPTION<\/strong><\/span><\/strong><\/span><\/p>\n\n\n\n<p><span style=\"color: #000000;\" class=\"ugb-highlight\"><span style=\"color: #000000;\" class=\"ugb-highlight\">Power Drive Unit: P\/N 43100-12 and P\/N 43100-13 are tested for intermediate functions in this test unit. <\/span><\/span><\/p>\n\n\n\n<hr class=\"wp-block-separator\"\/>\n\n\n\n<p><span style=\"color: #000000;\" class=\"ugb-highlight\"><strong><span style=\"color: #000000;\" class=\"ugb-highlight\"><strong>Intermediate Tests Include<\/strong>: <\/span><\/strong><\/span><\/p>\n\n\n\n<ul class=\"wp-block-list\"><li><span style=\"color: #000000;\" class=\"ugb-highlight\"><span style=\"color: #000000;\" class=\"ugb-highlight\"><span style=\"color: #000000;\" class=\"ugb-highlight\">Scrub Sensor functions, <\/span><\/span><\/span><\/li><li><span style=\"color: #000000;\" class=\"ugb-highlight\"><span style=\"color: #000000;\" class=\"ugb-highlight\"><span style=\"color: #000000;\" class=\"ugb-highlight\">Electrical measuremets, <\/span><\/span><\/span><\/li><li><span style=\"color: #000000;\" class=\"ugb-highlight\"><span style=\"color: #000000;\" class=\"ugb-highlight\"><span style=\"color: #000000;\" class=\"ugb-highlight\">The Erect Time and the Trip Time durations, <\/span><\/span><\/span><\/li><li><span style=\"color: #000000;\" class=\"ugb-highlight\"><span style=\"color: #000000;\" class=\"ugb-highlight\"><span style=\"color: #000000;\" class=\"ugb-highlight\">Over Temperature reactions and Recovery Time durations, <\/span><\/span><\/span><\/li><li><span style=\"color: #000000;\" class=\"ugb-highlight\"><span style=\"color: #000000;\" class=\"ugb-highlight\"><span style=\"color: #000000;\" class=\"ugb-highlight\">The Cam Displacement measurements, <\/span><\/span><\/span><\/li><li><span style=\"color: #000000;\" class=\"ugb-highlight\"><span style=\"color: #000000;\" class=\"ugb-highlight\"><span style=\"color: #000000;\" class=\"ugb-highlight\">Brake Torque tests.<\/span><\/span><\/span><\/li><\/ul>\n<\/div>\n<\/div>\n","protected":false},"excerpt":{"rendered":"<div class=\"slide-text-bg2\"><span><\/p>\n<p><\/span><\/div>\n","protected":false},"author":4,"featured_media":0,"parent":1471,"menu_order":1,"comment_status":"closed","ping_status":"closed","template":"","meta":{"inline_featured_image":false,"_ti_tpc_template_sync":false,"_ti_tpc_template_id":"","spay_email":"","footnotes":""},"class_list":["post-2169","page","type-page","status-publish","hentry"],"yoast_head":"<!-- This site is optimized with the Yoast SEO plugin v18.2 - https:\/\/yoast.com\/wordpress\/plugins\/seo\/ -->\n<title>Ara Fonksiyon Test \u00dcnitesi - Power Drive Unit 43100 - CTS Automation &amp; Test Systems<\/title>\n<meta name=\"robots\" content=\"index, follow, max-snippet:-1, max-image-preview:large, max-video-preview:-1\" \/>\n<link rel=\"canonical\" href=\"http:\/\/www.ctsotomasyon.com\/tr_TR\/index.php\/hizmetlerimiz\/havacilik-sanayi-test-cihazlari\/ara-fonksiyon-test-unitesi-power-drive-unit-43100\/\" \/>\n<meta property=\"og:locale\" content=\"tr_TR\" \/>\n<meta property=\"og:type\" content=\"article\" \/>\n<meta property=\"og:title\" content=\"Ara Fonksiyon Test \u00dcnitesi - Power Drive Unit 43100 - CTS Automation &amp; Test Systems\" \/>\n<meta property=\"og:url\" content=\"http:\/\/www.ctsotomasyon.com\/tr_TR\/index.php\/hizmetlerimiz\/havacilik-sanayi-test-cihazlari\/ara-fonksiyon-test-unitesi-power-drive-unit-43100\/\" \/>\n<meta property=\"og:site_name\" content=\"CTS Automation &amp; Test Systems\" \/>\n<meta property=\"article:modified_time\" content=\"2022-04-03T14:18:04+00:00\" \/>\n<meta name=\"twitter:card\" content=\"summary_large_image\" \/>\n<meta name=\"twitter:label1\" content=\"Tahmini okuma s\u00fcresi\" \/>\n\t<meta name=\"twitter:data1\" content=\"1 dakika\" \/>\n<script type=\"application\/ld+json\" class=\"yoast-schema-graph\">{\"@context\":\"https:\/\/schema.org\",\"@graph\":[{\"@type\":\"WebSite\",\"@id\":\"https:\/\/www.ctsotomasyon.com\/#website\",\"url\":\"https:\/\/www.ctsotomasyon.com\/\",\"name\":\"CTS Automation &amp; Test Systems\",\"description\":\"Slogan se\u00e7\",\"potentialAction\":[{\"@type\":\"SearchAction\",\"target\":{\"@type\":\"EntryPoint\",\"urlTemplate\":\"https:\/\/www.ctsotomasyon.com\/?s={search_term_string}\"},\"query-input\":\"required name=search_term_string\"}],\"inLanguage\":\"tr\"},{\"@type\":\"WebPage\",\"@id\":\"http:\/\/www.ctsotomasyon.com\/tr_TR\/index.php\/hizmetlerimiz\/havacilik-sanayi-test-cihazlari\/ara-fonksiyon-test-unitesi-power-drive-unit-43100\/#webpage\",\"url\":\"http:\/\/www.ctsotomasyon.com\/tr_TR\/index.php\/hizmetlerimiz\/havacilik-sanayi-test-cihazlari\/ara-fonksiyon-test-unitesi-power-drive-unit-43100\/\",\"name\":\"Ara Fonksiyon Test \u00dcnitesi - Power Drive Unit 43100 - CTS Automation &amp; Test Systems\",\"isPartOf\":{\"@id\":\"https:\/\/www.ctsotomasyon.com\/#website\"},\"datePublished\":\"2022-04-03T13:08:31+00:00\",\"dateModified\":\"2022-04-03T14:18:04+00:00\",\"breadcrumb\":{\"@id\":\"http:\/\/www.ctsotomasyon.com\/tr_TR\/index.php\/hizmetlerimiz\/havacilik-sanayi-test-cihazlari\/ara-fonksiyon-test-unitesi-power-drive-unit-43100\/#breadcrumb\"},\"inLanguage\":\"tr\",\"potentialAction\":[{\"@type\":\"ReadAction\",\"target\":[\"http:\/\/www.ctsotomasyon.com\/tr_TR\/index.php\/hizmetlerimiz\/havacilik-sanayi-test-cihazlari\/ara-fonksiyon-test-unitesi-power-drive-unit-43100\/\"]}]},{\"@type\":\"BreadcrumbList\",\"@id\":\"http:\/\/www.ctsotomasyon.com\/tr_TR\/index.php\/hizmetlerimiz\/havacilik-sanayi-test-cihazlari\/ara-fonksiyon-test-unitesi-power-drive-unit-43100\/#breadcrumb\",\"itemListElement\":[{\"@type\":\"ListItem\",\"position\":1,\"name\":\"Anasayfa\",\"item\":\"https:\/\/www.ctsotomasyon.com\/\"},{\"@type\":\"ListItem\",\"position\":2,\"name\":\"Havac\u0131l\u0131k\",\"item\":\"https:\/\/www.ctsotomasyon.com\/index.php\/hizmetlerimiz\/\"},{\"@type\":\"ListItem\",\"position\":3,\"name\":\"Havac\u0131l\u0131k Sanayi Test Cihazlar\u0131\",\"item\":\"http:\/\/www.ctsotomasyon.com\/tr_TR\/index.php\/hizmetlerimiz\/havacilik-sanayi-test-cihazlari\/\"},{\"@type\":\"ListItem\",\"position\":4,\"name\":\"Ara Fonksiyon Test \u00dcnitesi - Power Drive Unit 43100\"}]}]}<\/script>\n<!-- \/ Yoast SEO plugin. -->","yoast_head_json":{"title":"Ara Fonksiyon Test \u00dcnitesi - Power Drive Unit 43100 - CTS Automation &amp; Test Systems","robots":{"index":"index","follow":"follow","max-snippet":"max-snippet:-1","max-image-preview":"max-image-preview:large","max-video-preview":"max-video-preview:-1"},"canonical":"http:\/\/www.ctsotomasyon.com\/tr_TR\/index.php\/hizmetlerimiz\/havacilik-sanayi-test-cihazlari\/ara-fonksiyon-test-unitesi-power-drive-unit-43100\/","og_locale":"tr_TR","og_type":"article","og_title":"Ara Fonksiyon Test \u00dcnitesi - Power Drive Unit 43100 - CTS Automation &amp; Test Systems","og_url":"http:\/\/www.ctsotomasyon.com\/tr_TR\/index.php\/hizmetlerimiz\/havacilik-sanayi-test-cihazlari\/ara-fonksiyon-test-unitesi-power-drive-unit-43100\/","og_site_name":"CTS Automation &amp; Test Systems","article_modified_time":"2022-04-03T14:18:04+00:00","twitter_card":"summary_large_image","twitter_misc":{"Tahmini okuma s\u00fcresi":"1 dakika"},"schema":{"@context":"https:\/\/schema.org","@graph":[{"@type":"WebSite","@id":"https:\/\/www.ctsotomasyon.com\/#website","url":"https:\/\/www.ctsotomasyon.com\/","name":"CTS Automation &amp; Test Systems","description":"Slogan se\u00e7","potentialAction":[{"@type":"SearchAction","target":{"@type":"EntryPoint","urlTemplate":"https:\/\/www.ctsotomasyon.com\/?s={search_term_string}"},"query-input":"required name=search_term_string"}],"inLanguage":"tr"},{"@type":"WebPage","@id":"http:\/\/www.ctsotomasyon.com\/tr_TR\/index.php\/hizmetlerimiz\/havacilik-sanayi-test-cihazlari\/ara-fonksiyon-test-unitesi-power-drive-unit-43100\/#webpage","url":"http:\/\/www.ctsotomasyon.com\/tr_TR\/index.php\/hizmetlerimiz\/havacilik-sanayi-test-cihazlari\/ara-fonksiyon-test-unitesi-power-drive-unit-43100\/","name":"Ara Fonksiyon Test \u00dcnitesi - Power Drive Unit 43100 - CTS Automation &amp; Test Systems","isPartOf":{"@id":"https:\/\/www.ctsotomasyon.com\/#website"},"datePublished":"2022-04-03T13:08:31+00:00","dateModified":"2022-04-03T14:18:04+00:00","breadcrumb":{"@id":"http:\/\/www.ctsotomasyon.com\/tr_TR\/index.php\/hizmetlerimiz\/havacilik-sanayi-test-cihazlari\/ara-fonksiyon-test-unitesi-power-drive-unit-43100\/#breadcrumb"},"inLanguage":"tr","potentialAction":[{"@type":"ReadAction","target":["http:\/\/www.ctsotomasyon.com\/tr_TR\/index.php\/hizmetlerimiz\/havacilik-sanayi-test-cihazlari\/ara-fonksiyon-test-unitesi-power-drive-unit-43100\/"]}]},{"@type":"BreadcrumbList","@id":"http:\/\/www.ctsotomasyon.com\/tr_TR\/index.php\/hizmetlerimiz\/havacilik-sanayi-test-cihazlari\/ara-fonksiyon-test-unitesi-power-drive-unit-43100\/#breadcrumb","itemListElement":[{"@type":"ListItem","position":1,"name":"Anasayfa","item":"https:\/\/www.ctsotomasyon.com\/"},{"@type":"ListItem","position":2,"name":"Havac\u0131l\u0131k","item":"https:\/\/www.ctsotomasyon.com\/index.php\/hizmetlerimiz\/"},{"@type":"ListItem","position":3,"name":"Havac\u0131l\u0131k Sanayi Test Cihazlar\u0131","item":"http:\/\/www.ctsotomasyon.com\/tr_TR\/index.php\/hizmetlerimiz\/havacilik-sanayi-test-cihazlari\/"},{"@type":"ListItem","position":4,"name":"Ara Fonksiyon Test \u00dcnitesi - Power Drive Unit 43100"}]}]}},"_links":{"self":[{"href":"http:\/\/www.ctsotomasyon.com\/en_US\/index.php\/wp-json\/wp\/v2\/pages\/2169","targetHints":{"allow":["GET"]}}],"collection":[{"href":"http:\/\/www.ctsotomasyon.com\/en_US\/index.php\/wp-json\/wp\/v2\/pages"}],"about":[{"href":"http:\/\/www.ctsotomasyon.com\/en_US\/index.php\/wp-json\/wp\/v2\/types\/page"}],"author":[{"embeddable":true,"href":"http:\/\/www.ctsotomasyon.com\/en_US\/index.php\/wp-json\/wp\/v2\/users\/4"}],"replies":[{"embeddable":true,"href":"http:\/\/www.ctsotomasyon.com\/en_US\/index.php\/wp-json\/wp\/v2\/comments?post=2169"}],"version-history":[{"count":15,"href":"http:\/\/www.ctsotomasyon.com\/en_US\/index.php\/wp-json\/wp\/v2\/pages\/2169\/revisions"}],"predecessor-version":[{"id":2214,"href":"http:\/\/www.ctsotomasyon.com\/en_US\/index.php\/wp-json\/wp\/v2\/pages\/2169\/revisions\/2214"}],"up":[{"embeddable":true,"href":"http:\/\/www.ctsotomasyon.com\/en_US\/index.php\/wp-json\/wp\/v2\/pages\/1471"}],"wp:attachment":[{"href":"http:\/\/www.ctsotomasyon.com\/en_US\/index.php\/wp-json\/wp\/v2\/media?parent=2169"}],"curies":[{"name":"wp","href":"https:\/\/api.w.org\/{rel}","templated":true}]}}