{"id":1471,"date":"2021-05-12T18:01:49","date_gmt":"2021-05-12T18:01:49","guid":{"rendered":"http:\/\/www.ctsotomasyon.com\/?page_id=1471"},"modified":"2022-04-03T14:18:15","modified_gmt":"2022-04-03T14:18:15","slug":"havacilik-sanayi-test-cihazlari","status":"publish","type":"page","link":"http:\/\/www.ctsotomasyon.com\/en_US\/index.php\/hizmetlerimiz\/havacilik-sanayi-test-cihazlari\/","title":{"rendered":"Aviation Component Test Devices"},"content":{"rendered":"\n<div class=\"wp-block-columns is-layout-flex wp-container-core-columns-is-layout-9d6595d7 wp-block-columns-is-layout-flex\">\n<div class=\"wp-block-column is-layout-flow wp-block-column-is-layout-flow\">\n<p class=\"has-text-align-center\"><strong><a href=\"http:\/\/www.ctsotomasyon.com\/en_US\/index.php\/hizmetlerimiz\/havacilik-sanayi-test-cihazlari\/ara-fonksiyon-test-unitesi-power-drive-unit-43100\/\">Intermediate Test Unit for <br \/>Power Drive Unit 43100<\/a><\/strong><\/p>\n\n\n\n<div class=\"wp-block-image\"><figure class=\"aligncenter size-thumbnail\"><a href=\"http:\/\/www.ctsotomasyon.com\/en_US\/index.php\/hizmetlerimiz\/havacilik-sanayi-test-cihazlari\/ara-fonksiyon-test-unitesi-power-drive-unit-43100\/\"><img loading=\"lazy\" decoding=\"async\" width=\"150\" height=\"150\" src=\"http:\/\/www.ctsotomasyon.com\/wp-content\/uploads\/2021\/05\/99f2f007-25b7-4bfa-8915-035c70492355-150x150.png\" alt=\"\" class=\"wp-image-1449\"\/><\/a><\/figure><\/div>\n<\/div>\n\n\n\n<div class=\"wp-block-column is-layout-flow wp-block-column-is-layout-flow\"><\/div>\n\n\n\n<div class=\"wp-block-column is-layout-flow wp-block-column-is-layout-flow\"><\/div>\n<\/div>\n","protected":false},"excerpt":{"rendered":"<div class=\"slide-text-bg2\"><span><\/p>\n<p><\/span><\/div>\n","protected":false},"author":4,"featured_media":0,"parent":1638,"menu_order":0,"comment_status":"closed","ping_status":"closed","template":"","meta":{"inline_featured_image":false,"_ti_tpc_template_sync":false,"_ti_tpc_template_id":"","spay_email":"","footnotes":""},"class_list":["post-1471","page","type-page","status-publish","hentry"],"yoast_head":"<!-- This site is optimized with the Yoast SEO plugin v18.2 - https:\/\/yoast.com\/wordpress\/plugins\/seo\/ -->\n<title>Havac\u0131l\u0131k Sanayi Test Cihazlar\u0131 - CTS Automation &amp; Test Systems<\/title>\n<meta name=\"robots\" content=\"index, follow, max-snippet:-1, max-image-preview:large, max-video-preview:-1\" \/>\n<link rel=\"canonical\" href=\"http:\/\/www.ctsotomasyon.com\/tr_TR\/index.php\/hizmetlerimiz\/havacilik-sanayi-test-cihazlari\/\" \/>\n<meta property=\"og:locale\" content=\"tr_TR\" \/>\n<meta property=\"og:type\" content=\"article\" \/>\n<meta property=\"og:title\" content=\"Havac\u0131l\u0131k Sanayi Test Cihazlar\u0131 - CTS Automation &amp; Test Systems\" \/>\n<meta property=\"og:url\" content=\"http:\/\/www.ctsotomasyon.com\/tr_TR\/index.php\/hizmetlerimiz\/havacilik-sanayi-test-cihazlari\/\" \/>\n<meta property=\"og:site_name\" content=\"CTS Automation &amp; Test Systems\" \/>\n<meta property=\"article:modified_time\" content=\"2022-04-03T14:18:15+00:00\" \/>\n<meta property=\"og:image\" content=\"http:\/\/www.ctsotomasyon.com\/wp-content\/uploads\/2021\/05\/99f2f007-25b7-4bfa-8915-035c70492355-150x150.png\" \/>\n<meta name=\"twitter:card\" content=\"summary_large_image\" \/>\n<meta name=\"twitter:label1\" content=\"Tahmini okuma s\u00fcresi\" \/>\n\t<meta name=\"twitter:data1\" content=\"1 dakika\" \/>\n<script type=\"application\/ld+json\" class=\"yoast-schema-graph\">{\"@context\":\"https:\/\/schema.org\",\"@graph\":[{\"@type\":\"WebSite\",\"@id\":\"https:\/\/www.ctsotomasyon.com\/#website\",\"url\":\"https:\/\/www.ctsotomasyon.com\/\",\"name\":\"CTS Automation &amp; Test Systems\",\"description\":\"Slogan se\u00e7\",\"potentialAction\":[{\"@type\":\"SearchAction\",\"target\":{\"@type\":\"EntryPoint\",\"urlTemplate\":\"https:\/\/www.ctsotomasyon.com\/?s={search_term_string}\"},\"query-input\":\"required name=search_term_string\"}],\"inLanguage\":\"tr\"},{\"@type\":\"ImageObject\",\"@id\":\"http:\/\/www.ctsotomasyon.com\/tr_TR\/index.php\/hizmetlerimiz\/havacilik-sanayi-test-cihazlari\/#primaryimage\",\"inLanguage\":\"tr\",\"url\":\"http:\/\/www.ctsotomasyon.com\/wp-content\/uploads\/2021\/05\/99f2f007-25b7-4bfa-8915-035c70492355.png\",\"contentUrl\":\"http:\/\/www.ctsotomasyon.com\/wp-content\/uploads\/2021\/05\/99f2f007-25b7-4bfa-8915-035c70492355.png\",\"width\":1280,\"height\":1024},{\"@type\":\"WebPage\",\"@id\":\"http:\/\/www.ctsotomasyon.com\/tr_TR\/index.php\/hizmetlerimiz\/havacilik-sanayi-test-cihazlari\/#webpage\",\"url\":\"http:\/\/www.ctsotomasyon.com\/tr_TR\/index.php\/hizmetlerimiz\/havacilik-sanayi-test-cihazlari\/\",\"name\":\"Havac\u0131l\u0131k Sanayi Test Cihazlar\u0131 - CTS Automation &amp; Test Systems\",\"isPartOf\":{\"@id\":\"https:\/\/www.ctsotomasyon.com\/#website\"},\"primaryImageOfPage\":{\"@id\":\"http:\/\/www.ctsotomasyon.com\/tr_TR\/index.php\/hizmetlerimiz\/havacilik-sanayi-test-cihazlari\/#primaryimage\"},\"datePublished\":\"2021-05-12T18:01:49+00:00\",\"dateModified\":\"2022-04-03T14:18:15+00:00\",\"breadcrumb\":{\"@id\":\"http:\/\/www.ctsotomasyon.com\/tr_TR\/index.php\/hizmetlerimiz\/havacilik-sanayi-test-cihazlari\/#breadcrumb\"},\"inLanguage\":\"tr\",\"potentialAction\":[{\"@type\":\"ReadAction\",\"target\":[\"http:\/\/www.ctsotomasyon.com\/tr_TR\/index.php\/hizmetlerimiz\/havacilik-sanayi-test-cihazlari\/\"]}]},{\"@type\":\"BreadcrumbList\",\"@id\":\"http:\/\/www.ctsotomasyon.com\/tr_TR\/index.php\/hizmetlerimiz\/havacilik-sanayi-test-cihazlari\/#breadcrumb\",\"itemListElement\":[{\"@type\":\"ListItem\",\"position\":1,\"name\":\"Anasayfa\",\"item\":\"https:\/\/www.ctsotomasyon.com\/\"},{\"@type\":\"ListItem\",\"position\":2,\"name\":\"Havac\u0131l\u0131k\",\"item\":\"https:\/\/www.ctsotomasyon.com\/index.php\/hizmetlerimiz\/\"},{\"@type\":\"ListItem\",\"position\":3,\"name\":\"Havac\u0131l\u0131k Sanayi Test Cihazlar\u0131\"}]}]}<\/script>\n<!-- \/ Yoast SEO plugin. -->","yoast_head_json":{"title":"Havac\u0131l\u0131k Sanayi Test Cihazlar\u0131 - CTS Automation &amp; Test Systems","robots":{"index":"index","follow":"follow","max-snippet":"max-snippet:-1","max-image-preview":"max-image-preview:large","max-video-preview":"max-video-preview:-1"},"canonical":"http:\/\/www.ctsotomasyon.com\/tr_TR\/index.php\/hizmetlerimiz\/havacilik-sanayi-test-cihazlari\/","og_locale":"tr_TR","og_type":"article","og_title":"Havac\u0131l\u0131k Sanayi Test Cihazlar\u0131 - CTS Automation &amp; Test Systems","og_url":"http:\/\/www.ctsotomasyon.com\/tr_TR\/index.php\/hizmetlerimiz\/havacilik-sanayi-test-cihazlari\/","og_site_name":"CTS Automation &amp; Test Systems","article_modified_time":"2022-04-03T14:18:15+00:00","og_image":[{"url":"http:\/\/www.ctsotomasyon.com\/wp-content\/uploads\/2021\/05\/99f2f007-25b7-4bfa-8915-035c70492355-150x150.png"}],"twitter_card":"summary_large_image","twitter_misc":{"Tahmini okuma s\u00fcresi":"1 dakika"},"schema":{"@context":"https:\/\/schema.org","@graph":[{"@type":"WebSite","@id":"https:\/\/www.ctsotomasyon.com\/#website","url":"https:\/\/www.ctsotomasyon.com\/","name":"CTS Automation &amp; Test Systems","description":"Slogan se\u00e7","potentialAction":[{"@type":"SearchAction","target":{"@type":"EntryPoint","urlTemplate":"https:\/\/www.ctsotomasyon.com\/?s={search_term_string}"},"query-input":"required name=search_term_string"}],"inLanguage":"tr"},{"@type":"ImageObject","@id":"http:\/\/www.ctsotomasyon.com\/tr_TR\/index.php\/hizmetlerimiz\/havacilik-sanayi-test-cihazlari\/#primaryimage","inLanguage":"tr","url":"http:\/\/www.ctsotomasyon.com\/wp-content\/uploads\/2021\/05\/99f2f007-25b7-4bfa-8915-035c70492355.png","contentUrl":"http:\/\/www.ctsotomasyon.com\/wp-content\/uploads\/2021\/05\/99f2f007-25b7-4bfa-8915-035c70492355.png","width":1280,"height":1024},{"@type":"WebPage","@id":"http:\/\/www.ctsotomasyon.com\/tr_TR\/index.php\/hizmetlerimiz\/havacilik-sanayi-test-cihazlari\/#webpage","url":"http:\/\/www.ctsotomasyon.com\/tr_TR\/index.php\/hizmetlerimiz\/havacilik-sanayi-test-cihazlari\/","name":"Havac\u0131l\u0131k Sanayi Test Cihazlar\u0131 - CTS Automation &amp; Test Systems","isPartOf":{"@id":"https:\/\/www.ctsotomasyon.com\/#website"},"primaryImageOfPage":{"@id":"http:\/\/www.ctsotomasyon.com\/tr_TR\/index.php\/hizmetlerimiz\/havacilik-sanayi-test-cihazlari\/#primaryimage"},"datePublished":"2021-05-12T18:01:49+00:00","dateModified":"2022-04-03T14:18:15+00:00","breadcrumb":{"@id":"http:\/\/www.ctsotomasyon.com\/tr_TR\/index.php\/hizmetlerimiz\/havacilik-sanayi-test-cihazlari\/#breadcrumb"},"inLanguage":"tr","potentialAction":[{"@type":"ReadAction","target":["http:\/\/www.ctsotomasyon.com\/tr_TR\/index.php\/hizmetlerimiz\/havacilik-sanayi-test-cihazlari\/"]}]},{"@type":"BreadcrumbList","@id":"http:\/\/www.ctsotomasyon.com\/tr_TR\/index.php\/hizmetlerimiz\/havacilik-sanayi-test-cihazlari\/#breadcrumb","itemListElement":[{"@type":"ListItem","position":1,"name":"Anasayfa","item":"https:\/\/www.ctsotomasyon.com\/"},{"@type":"ListItem","position":2,"name":"Havac\u0131l\u0131k","item":"https:\/\/www.ctsotomasyon.com\/index.php\/hizmetlerimiz\/"},{"@type":"ListItem","position":3,"name":"Havac\u0131l\u0131k Sanayi Test Cihazlar\u0131"}]}]}},"_links":{"self":[{"href":"http:\/\/www.ctsotomasyon.com\/en_US\/index.php\/wp-json\/wp\/v2\/pages\/1471","targetHints":{"allow":["GET"]}}],"collection":[{"href":"http:\/\/www.ctsotomasyon.com\/en_US\/index.php\/wp-json\/wp\/v2\/pages"}],"about":[{"href":"http:\/\/www.ctsotomasyon.com\/en_US\/index.php\/wp-json\/wp\/v2\/types\/page"}],"author":[{"embeddable":true,"href":"http:\/\/www.ctsotomasyon.com\/en_US\/index.php\/wp-json\/wp\/v2\/users\/4"}],"replies":[{"embeddable":true,"href":"http:\/\/www.ctsotomasyon.com\/en_US\/index.php\/wp-json\/wp\/v2\/comments?post=1471"}],"version-history":[{"count":13,"href":"http:\/\/www.ctsotomasyon.com\/en_US\/index.php\/wp-json\/wp\/v2\/pages\/1471\/revisions"}],"predecessor-version":[{"id":2215,"href":"http:\/\/www.ctsotomasyon.com\/en_US\/index.php\/wp-json\/wp\/v2\/pages\/1471\/revisions\/2215"}],"up":[{"embeddable":true,"href":"http:\/\/www.ctsotomasyon.com\/en_US\/index.php\/wp-json\/wp\/v2\/pages\/1638"}],"wp:attachment":[{"href":"http:\/\/www.ctsotomasyon.com\/en_US\/index.php\/wp-json\/wp\/v2\/media?parent=1471"}],"curies":[{"name":"wp","href":"https:\/\/api.w.org\/{rel}","templated":true}]}}